{"id":10128,"date":"2019-10-10T21:24:16","date_gmt":"2019-10-10T21:24:16","guid":{"rendered":"https:\/\/www.steinberglawfirm.com\/?page_id=10128"},"modified":"2023-08-21T19:04:36","modified_gmt":"2023-08-21T19:04:36","slug":"slip-and-fall-at-burger-king","status":"publish","type":"page","link":"https:\/\/steinberglawfirm-staging.clmcloud.app\/es\/lesiones-personales\/responsabilidad-civil-de-los-locales\/resbalones-y-caidas\/resbalon-y-caida-del-rey-de-las-hamburguesas\/","title":{"rendered":"Resbal\u00f3n y ca\u00edda en Burger King"},"content":{"rendered":"<h1 class=\"wp-block-heading\"><strong>\u00bfSe resbal\u00f3 y cay\u00f3 en Burger King en Charleston, South Carolina? Deje que nuestros abogados le ayuden<\/strong><\/h1>\n\n\n\n<p>Burger King es un restaurante de comida r\u00e1pida con m\u00e1s de 11.000 locales. Es una de las mayores cadenas de comida r\u00e1pida y tiene varios locales en la zona Charleston, South Carolina. Cada d\u00eda, miles de clientes acuden a Burger King. Con un alto volumen de clientes que acuden a los locales de Burger King en Charleston, puede ser dif\u00edcil para los empleados mantener los locales y mantenerlos libres de derrames y otros peligros potenciales. Todos los locales de Burger King tienen el deber de mantener un establecimiento gastron\u00f3mico seguro para sus clientes. Si no cumplen esta norma, pueden provocar un accidente de resbal\u00f3n y ca\u00edda de un cliente.   <\/p>\n\n\n\n<p>Si se ha lesionado mientras cenaba en Burger King, llame al Steinberg Law Firm al <a href=\"tel:1-843-720-2800\">(843) 720-2800<\/a> para un <a href=\"https:\/\/www.steinberglawfirm.com\/free-consultation\/\" target=\"_blank\" rel=\"noopener\">consulta gratuita<\/a> con un experimentado <a href=\"https:\/\/www.steinberglawfirm.com\/practice-areas\/premises-liability\/slip-and-fall\/\" target=\"_blank\" rel=\"noopener\">South Carolina abogado de resbalones y ca\u00eddas<\/a>.<\/p>\n\n\n\n<p><strong>Lesiones por resbalones y ca\u00eddas de clientes en Burger King en Charleston, South Carolina <\/strong><\/p>\n\n\n\n<p>Cuando los clientes de Burger King compran su comida o bebida pueden <a href=\"https:\/\/www.steinberglawfirm.com\/blog\/case-result-slip-fall-525000-south-carolina-restaurant-wet-floor\/\" target=\"_blank\" rel=\"noopener\">provocar vertidos<\/a>. Los empleados de los locales de Burger King de la zona Charleston deben asegurarse de que el local est\u00e9 libre de derrames o residuos. Todos los locales de Burger King de la zona Charleston tienen el deber de asegurarse de que la cadena de comida r\u00e1pida est\u00e1 a salvo de los peligros que conocen o deber\u00edan haber conocido. Si incumplen su deber de mantener un restaurante seguro por negligencia, pueden producirse resbalones y ca\u00eddas. Las causas m\u00e1s comunes de accidentes por resbalones y ca\u00eddas incluyen:<\/p>\n\n\n\n<ul class=\"wp-block-list\">\n<li>Suelos grasos <\/li>\n\n\n\n<li>Derrame de l\u00edquidos y ca\u00edda de alimentos <\/li>\n\n\n\n<li>Restos de hielo o nieve  <\/li>\n\n\n\n<li>Suelos pegajosos <\/li>\n\n\n\n<li>Reci\u00e9n fregado <a href=\"https:\/\/www.steinberglawfirm.com\/blog\/i-slipped-and-fell-in-the-store-because-of-a-wet-floor-and-there-was-no-proper-warning-who-is-liable-for-my-injury-from-the-fall\/\" class=\"wpil_internal_link\" target=\"_blank\" rel=\"noopener\">suelos sin se\u00f1al de suelo mojado<\/a> <\/li>\n<\/ul>\n\n\n\n<p>Hay una gran variedad de lesiones que puedes sufrir si te resbalas y te caes en Burger King, como:<\/p>\n\n\n\n<ul class=\"wp-block-list\">\n<li>Conmociones cerebrales  <\/li>\n\n\n\n<li>Lesiones de la espalda y de la m\u00e9dula espinal <\/li>\n\n\n\n<li>Esguinces de tobillo y mu\u00f1eca  <\/li>\n\n\n\n<li>Roturas y fracturas de huesos  <\/li>\n\n\n\n<li>Hinchaz\u00f3n  <\/li>\n\n\n\n<li>Cortes y contusiones  <\/li>\n<\/ul>\n\n\n\n<p class=\"wpil_internal_link\"><a href=\"https:\/\/www.steinberglawfirm.com\/charleston\/slip-and-fall-accidents-lawyers\/\" class=\"wpil_internal_link\" target=\"_blank\" rel=\"noopener\">Si te resbalas y te caes en un Burger King en Charleston puedes recibir una indemnizaci\u00f3n por el accidente y tus lesiones.<\/a> Estos da\u00f1os incluyen:<\/p>\n\n\n\n<ul class=\"wp-block-list\">\n<li>Gastos m\u00e9dicos <\/li>\n\n\n\n<li>Coste de la medicaci\u00f3n <\/li>\n\n\n\n<li>Salarios perdidos y salarios futuros  <\/li>\n\n\n\n<li>Dolor y sufrimiento <\/li>\n\n\n\n<li>Angustia emocional <\/li>\n\n\n\n<li>Terapia f\u00edsica y rehabilitaci\u00f3n  <\/li>\n<\/ul>\n\n\n\n<h2 class=\"wp-block-heading\"><strong>Qu\u00e9 hacer despu\u00e9s de un accidente de resbal\u00f3n y ca\u00edda en Burger King:<\/strong><\/h2>\n\n\n\n<p>No es de esperar que te caigas mientras est\u00e1s en un Burger King en Charleston. Sin embargo, es importante saber qu\u00e9 medidas tomar despu\u00e9s de una ca\u00edda. Entre ellas se encuentran:<\/p>\n\n\n\n<p>1. Busque atenci\u00f3n m\u00e9dica inmediatamente despu\u00e9s de la ca\u00edda. <\/p>\n\n\n\n<p>2. No haga ninguna declaraci\u00f3n ni firme ning\u00fan documento de ning\u00fan empleado o representante de Burger King. <\/p>\n\n\n\n<p>3. Documente todo lo relacionado con el accidente, incluyendo:<\/p>\n\n\n\n<ul class=\"wp-block-list\">\n<li>Fecha, hora y lugar de su resbal\u00f3n y ca\u00edda <\/li>\n\n\n\n<li>Detalles sobre su ca\u00edda <\/li>\n\n\n\n<li>Fotograf\u00edas de sus lesiones inmediatamente despu\u00e9s y d\u00edas despu\u00e9s de la ca\u00edda <\/li>\n\n\n\n<li>Nombres de los testigos, si es posible o si hay alguno <\/li>\n<\/ul>\n\n\n\n<p>4. Conserve todos los registros relativos a su ca\u00edda, incluidos los informes m\u00e9dicos y las facturas.  <\/p>\n\n\n\n<p>5. <a href=\"https:\/\/www.steinberglawfirm.com\/contact-us\/\" target=\"_blank\" rel=\"noopener\">Contactar con un abogado<\/a> para llevar su caso y proteger sus derechos. Llame al Steinberg Law Firm al <a href=\"tel:1-843-720-2800\">(843) 720-2800<\/a> y contratar a un <a href=\"https:\/\/www.steinberglawfirm.com\" target=\"_blank\" rel=\"noopener\">South Carolina abogado de lesiones personales<\/a>. <\/p>","protected":false},"excerpt":{"rendered":"<p>\u00bfSe resbal\u00f3 y cay\u00f3 en Burger King en Charleston, South Carolina? Deje que nuestros abogados le ayuden Burger King es un restaurante de comida r\u00e1pida con m\u00e1s de 11.000 locales. Es una de las mayores cadenas de comida r\u00e1pida y tiene varios locales en el \u00e1rea de Charleston, South Carolina. Cada d\u00eda miles de clientes acuden a Burger King. Con...<\/p>","protected":false},"author":1,"featured_media":0,"parent":2281,"menu_order":0,"comment_status":"closed","ping_status":"closed","template":"","meta":{"_acf_changed":false,"footnotes":""},"class_list":["post-10128","page","type-page","status-publish","hentry"],"acf":[],"_links":{"self":[{"href":"https:\/\/steinberglawfirm-staging.clmcloud.app\/es\/wp-json\/wp\/v2\/pages\/10128"}],"collection":[{"href":"https:\/\/steinberglawfirm-staging.clmcloud.app\/es\/wp-json\/wp\/v2\/pages"}],"about":[{"href":"https:\/\/steinberglawfirm-staging.clmcloud.app\/es\/wp-json\/wp\/v2\/types\/page"}],"author":[{"embeddable":true,"href":"https:\/\/steinberglawfirm-staging.clmcloud.app\/es\/wp-json\/wp\/v2\/users\/1"}],"replies":[{"embeddable":true,"href":"https:\/\/steinberglawfirm-staging.clmcloud.app\/es\/wp-json\/wp\/v2\/comments?post=10128"}],"version-history":[{"count":3,"href":"https:\/\/steinberglawfirm-staging.clmcloud.app\/es\/wp-json\/wp\/v2\/pages\/10128\/revisions"}],"predecessor-version":[{"id":26907,"href":"https:\/\/steinberglawfirm-staging.clmcloud.app\/es\/wp-json\/wp\/v2\/pages\/10128\/revisions\/26907"}],"up":[{"embeddable":true,"href":"https:\/\/steinberglawfirm-staging.clmcloud.app\/es\/wp-json\/wp\/v2\/pages\/2281"}],"wp:attachment":[{"href":"https:\/\/steinberglawfirm-staging.clmcloud.app\/es\/wp-json\/wp\/v2\/media?parent=10128"}],"curies":[{"name":"wp","href":"https:\/\/api.w.org\/{rel}","templated":true}]}}