{"id":10126,"date":"2019-10-10T21:06:44","date_gmt":"2019-10-10T21:06:44","guid":{"rendered":"https:\/\/www.steinberglawfirm.com\/?page_id=10126"},"modified":"2022-04-20T23:16:27","modified_gmt":"2022-04-20T23:16:27","slug":"slip-and-fall-at-holiday-inn-charleston","status":"publish","type":"page","link":"https:\/\/steinberglawfirm-staging.clmcloud.app\/es\/lesiones-personales\/responsabilidad-civil-de-los-locales\/resbalones-y-caidas\/resbalon-y-caida-en-vacaciones-en-charleston\/","title":{"rendered":"Resbal\u00f3n y ca\u00edda en el Holiday Inn Charleston"},"content":{"rendered":"<h1 class=\"wp-block-heading\"><strong>\u00bfSe resbal\u00f3 y cay\u00f3 en el Holiday Inn Charleston en South Carolina? Deje que nuestros abogados le ayuden<\/strong><\/h1>\n\n\n\n<p>Holiday Inn es una de las mayores cadenas hoteleras. Tiene aproximadamente 15 establecimientos en la zona de Charleston, South Carolina. Con la afluencia de turistas que visitan Charleston, Holiday Inn Charleston recibe muchos hu\u00e9spedes. El hotel tiene el deber para con cada hu\u00e9sped de protegerlo de los riesgos previsibles. Es necesario realizar inspecciones, reparaciones y limpiezas peri\u00f3dicas para garantizar la seguridad del hotel y sus instalaciones. Los derrames y las roturas pueden producirse inmediatamente despu\u00e9s de que un empleado del hotel revise una zona; por lo tanto, es importante que Holiday Inn Charleston realice inspecciones con mayor frecuencia para solucionar cualquier riesgo potencial. Holiday Inn Charleston tambi\u00e9n es responsable de los peligros evidentes que no encuentre si deber\u00eda haberlos conocido y no ha hecho nada para evitarlos.<\/p>\n\n\n\n<p>Si se ha lesionado mientras era hu\u00e9sped del Holiday Inn Charleston, llame al Steinberg Law Firm al (843) 720-2800 para obtener una <a href=\"https:\/\/www.steinberglawfirm.com\/free-consultation\/\" target=\"_blank\" rel=\"noopener\">consulta gratuita<\/a> con un experimentado <a href=\"https:\/\/www.steinberglawfirm.com\/practice-areas\/premises-liability\/slip-and-fall\/\" target=\"_blank\" rel=\"noopener\">abogado de resbalones y ca\u00eddas en South Carolina<\/a>.<br><\/p>\n\n\n\n<p><strong>Lesiones por resbalones y ca\u00eddas de los hu\u00e9spedes del Holiday Inn Charleston<\/strong><\/p>\n\n\n\n<p>Los accidentes de resbalones y ca\u00eddas en el Holiday Inn Charleston pueden haber ocurrido debido a la negligencia del hotel o de sus empleados para mantener adecuadamente las instalaciones. Algunos ejemplos de mantenimiento inadecuado de las instalaciones son:<\/p>\n\n\n\n<ul class=\"wp-block-list\"><li>Suelos rotos y desiguales  <\/li><li>Fugas en los ba\u00f1os de los hoteles <\/li><li>No retirar la nieve o el hielo de las entradas de los aparcamientos  <\/li><li>Mala iluminaci\u00f3n  <\/li><li>Pelda\u00f1os o escaleras rotas  <\/li><li>Mantenimiento inadecuado del gimnasio del lugar  <\/li><\/ul>\n\n\n\n<p>Si el <a href=\"https:\/\/www.steinberglawfirm.com\/articles\/injuries-associated-with-slip-and-fall-accidents\/\" target=\"_blank\" rel=\"noopener\">las lesiones por resbal\u00f3n y ca\u00edda son leves o graves<\/a>Pueden interferir en la capacidad de una persona para disfrutar de la vida. Algunas de las lesiones m\u00e1s comunes son:<\/p>\n\n\n\n<ul class=\"wp-block-list\"><li>Latigazo cervical <\/li><li>Moretones <\/li><li><a href=\"https:\/\/www.steinberglawfirm.com\/practice-areas\/serious-injury-cases\/traumatic-brain-injury\/\" class=\"wpil_internal_link\" target=\"_blank\" rel=\"noopener\">Lesiones cerebrales traum\u00e1ticas (TBI)<\/a> <\/li><li>Esguinces y fracturas <\/li><li>Contusiones y conmociones cerebrales <\/li><\/ul>\n\n\n\n<p>Mientras estaba de vacaciones, en un viaje de negocios, de recreo o visitando Charleston no ten\u00eda previsto resbalar y caerse. Si tuvo un resbal\u00f3n y una ca\u00edda en un Holiday Inn Charleston debido a su negligencia, puede solicitar una indemnizaci\u00f3n por da\u00f1os y perjuicios por el hecho de que el hotel no haya mantenido las instalaciones seguras. Puede solicitar una indemnizaci\u00f3n por:<\/p>\n\n\n\n<ul class=\"wp-block-list\"><li>Gastos m\u00e9dicos pasados y futuros <\/li><li>Salarios perdidos y salarios futuros  <\/li><li>Dolor y sufrimiento <\/li><li>Angustia mental  <\/li><li>P\u00e9rdida de la capacidad de ganancia  <\/li><li>Da\u00f1os a los bienes personales  <\/li><\/ul>\n\n\n\n<h2 class=\"wp-block-heading\"><strong>Qu\u00e9 hacer despu\u00e9s de un accidente por resbal\u00f3n y ca\u00edda en el Holiday Inn Charleston:<\/strong><\/h2>\n\n\n\n<p>Despu\u00e9s de un <a href=\"https:\/\/www.steinberglawfirm.com\/practice-areas\/premises-liability\/slip-and-fall\/\" class=\"wpil_internal_link\" target=\"_blank\" rel=\"noopener\">accidente por resbal\u00f3n y ca\u00edda en un Holiday Inn Charleston<\/a> es posible que no sepa qu\u00e9 hacer a continuaci\u00f3n. A continuaci\u00f3n, le indicamos algunos pasos que debe seguir despu\u00e9s de su resbal\u00f3n y ca\u00edda en el Holiday Inn Charleston:<\/p>\n\n\n\n<p>1. Busque atenci\u00f3n m\u00e9dica inmediatamente despu\u00e9s de la ca\u00edda. <\/p>\n\n\n\n<p>2. No haga ninguna declaraci\u00f3n ni firme ning\u00fan documento de ning\u00fan empleado o representante de Holiday Inn Charleston. <\/p>\n\n\n\n<p>3. Obtenga un informe de incidencias del director del hotel. <\/p>\n\n\n\n<p>4. Documente todo lo relacionado con el accidente, incluyendo:<\/p>\n\n\n\n<ul class=\"wp-block-list\"><li>Fecha, hora y lugar de su resbal\u00f3n y ca\u00edda <\/li><li>Detalles sobre su ca\u00edda <\/li><li>Fotograf\u00edas de sus lesiones inmediatamente despu\u00e9s y d\u00edas despu\u00e9s de la ca\u00edda <\/li><li>Nombres de los testigos, si es posible o si hay alguno <\/li><\/ul>\n\n\n\n<p>5. Conserve todos los registros relativos a su ca\u00edda, incluidos los informes m\u00e9dicos y las facturas.  <\/p>\n\n\n\n<p><a href=\"https:\/\/www.steinberglawfirm.com\/contact-us\/\" target=\"_blank\" rel=\"noopener\">Contactar con un abogado<\/a> para manejar su caso y proteger sus derechos. Llame al Steinberg Law Firm al (843) 720-2800 y contrate a un experimentado <a href=\"https:\/\/www.steinberglawfirm.com\" target=\"_blank\" rel=\"noopener\">South Carolina abogado de lesiones personales<\/a>.<\/p>","protected":false},"excerpt":{"rendered":"<p>\u00bfSe resbal\u00f3 y cay\u00f3 en el Holiday Inn Charleston en South Carolina? Deje que nuestros abogados le ayuden Holiday Inn es una de las mayores cadenas de hoteles. Tiene aproximadamente 15 ubicaciones en el \u00e1rea de Charleston, South Carolina. Con la afluencia de turistas que visitan Charleston, Holiday Inn Charleston ve muchos hu\u00e9spedes. El hotel tiene el deber de...<\/p>","protected":false},"author":1,"featured_media":0,"parent":2281,"menu_order":0,"comment_status":"closed","ping_status":"closed","template":"","meta":{"_acf_changed":false,"footnotes":""},"class_list":["post-10126","page","type-page","status-publish","hentry"],"acf":[],"_links":{"self":[{"href":"https:\/\/steinberglawfirm-staging.clmcloud.app\/es\/wp-json\/wp\/v2\/pages\/10126"}],"collection":[{"href":"https:\/\/steinberglawfirm-staging.clmcloud.app\/es\/wp-json\/wp\/v2\/pages"}],"about":[{"href":"https:\/\/steinberglawfirm-staging.clmcloud.app\/es\/wp-json\/wp\/v2\/types\/page"}],"author":[{"embeddable":true,"href":"https:\/\/steinberglawfirm-staging.clmcloud.app\/es\/wp-json\/wp\/v2\/users\/1"}],"replies":[{"embeddable":true,"href":"https:\/\/steinberglawfirm-staging.clmcloud.app\/es\/wp-json\/wp\/v2\/comments?post=10126"}],"version-history":[{"count":2,"href":"https:\/\/steinberglawfirm-staging.clmcloud.app\/es\/wp-json\/wp\/v2\/pages\/10126\/revisions"}],"predecessor-version":[{"id":20461,"href":"https:\/\/steinberglawfirm-staging.clmcloud.app\/es\/wp-json\/wp\/v2\/pages\/10126\/revisions\/20461"}],"up":[{"embeddable":true,"href":"https:\/\/steinberglawfirm-staging.clmcloud.app\/es\/wp-json\/wp\/v2\/pages\/2281"}],"wp:attachment":[{"href":"https:\/\/steinberglawfirm-staging.clmcloud.app\/es\/wp-json\/wp\/v2\/media?parent=10126"}],"curies":[{"name":"wp","href":"https:\/\/api.w.org\/{rel}","templated":true}]}}