{"id":10124,"date":"2019-10-10T20:59:55","date_gmt":"2019-10-10T20:59:55","guid":{"rendered":"https:\/\/www.steinberglawfirm.com\/?page_id=10124"},"modified":"2023-08-21T19:09:25","modified_gmt":"2023-08-21T19:09:25","slug":"slip-and-fall-at-olive-garden","status":"publish","type":"page","link":"https:\/\/steinberglawfirm-staging.clmcloud.app\/es\/lesiones-personales\/responsabilidad-civil-de-los-locales\/resbalones-y-caidas\/resbalon-caida-en-el-jardin\/","title":{"rendered":"Resbal\u00f3n y ca\u00edda en Olive Garden"},"content":{"rendered":"<h1 class=\"wp-block-heading\"><strong>\u00bfSe resbal\u00f3 y cay\u00f3 en Olive Garden? Deje que nuestros abogados le ayuden<\/strong><\/h1>\n\n\n\n<p>Olive Garden es un restaurante de comida informal con m\u00e1s de 800 locales. Olive Garden sirve a numerosos clientes diariamente; por lo tanto, los derrames y otros peligros potenciales en el restaurante pueden pasar desapercibidos durante la jornada laboral. Olive Garden y sus empleados tienen el deber de proporcionar un cuidado razonable y asegurar que todos sus clientes permanezcan seguros en sus instalaciones. Si Olive Garden incumple este deber, puede provocar que un cliente tenga un accidente por resbal\u00f3n y ca\u00edda.   <\/p>\n\n\n\n<p>Si se ha lesionado mientras cenaba en un Charleston, South Carolina, Olive Garden, llame al Steinberg Law Firm al <a href=\"tel:1-843-720-2800\">(843) 720-2800<\/a> para un <a href=\"https:\/\/www.steinberglawfirm.com\/free-consultation\/\" target=\"_blank\" rel=\"noopener\">consulta gratuita<\/a> con un experimentado <a href=\"https:\/\/www.steinberglawfirm.com\/practice-areas\/premises-liability\/slip-and-fall\/\" target=\"_blank\" rel=\"noopener\">South Carolina abogado de resbalones y ca\u00eddas<\/a>.<\/p>\n\n\n\n<p><strong>Lesiones por resbalones y ca\u00eddas de clientes en Olive Garden <\/strong><\/p>\n\n\n\n<p>Muchos accidentes por resbalones y ca\u00eddas son evitables. Si Olive Garden y sus empleados inspeccionan, reparan y mantienen las instalaciones con regularidad, es menos probable que sus clientes sufran accidentes por resbalones y ca\u00eddas. Varias causas de accidentes de resbalones y ca\u00eddas en Olive Garden incluyen:<\/p>\n\n\n\n<ul class=\"wp-block-list\">\n<li>Derrame de l\u00edquidos y ca\u00edda de alimentos <\/li>\n\n\n\n<li>Restos de hielo o nieve  <\/li>\n\n\n\n<li>Suelos rotos o irregulares <\/li>\n\n\n\n<li>Suelos reci\u00e9n fregados sin se\u00f1al de suelo mojado <\/li>\n\n\n\n<li>Disposici\u00f3n ajustada de mesas y sillas  <\/li>\n<\/ul>\n\n\n\n<p>Un accidente de ca\u00edda puede provocar una o varias de las siguientes lesiones:<\/p>\n\n\n\n<ul class=\"wp-block-list\">\n<li><a href=\"https:\/\/www.steinberglawfirm.com\/practice-areas\/serious-injury-cases\/traumatic-brain-injury\/\" class=\"wpil_internal_link\" target=\"_blank\" rel=\"noopener\">Lesi\u00f3n cerebral traum\u00e1tica (TBI)<\/a> <\/li>\n\n\n\n<li>Lesiones de la espalda y de la m\u00e9dula espinal <\/li>\n\n\n\n<li>Esguinces de tobillo y mu\u00f1eca  <\/li>\n\n\n\n<li>Roturas y fracturas de huesos  <\/li>\n\n\n\n<li>Hinchaz\u00f3n  <\/li>\n\n\n\n<li>Cortes y contusiones  <\/li>\n<\/ul>\n\n\n\n<p>Si se resbala y se cae mientras cena en Olive Garden, puede recibir una compensaci\u00f3n por el accidente y sus lesiones. Los da\u00f1os por los que puede recibir compensaci\u00f3n incluyen:<\/p>\n\n\n\n<ul class=\"wp-block-list\">\n<li>Gastos m\u00e9dicos <\/li>\n\n\n\n<li>Coste de la medicaci\u00f3n <\/li>\n\n\n\n<li>Salarios perdidos y salarios futuros  <\/li>\n\n\n\n<li>Dolor y sufrimiento <\/li>\n\n\n\n<li>Angustia emocional <\/li>\n\n\n\n<li>Terapia f\u00edsica y rehabilitaci\u00f3n <\/li>\n<\/ul>\n\n\n\n<h2 class=\"wp-block-heading\"><strong>Qu\u00e9 hacer despu\u00e9s de un accidente de resbal\u00f3n y ca\u00edda en Olive Garden:<\/strong><\/h2>\n\n\n\n<p>Mientras se cena en Olive Garden, no se espera resbalar y caer. Si se produce un accidente por resbal\u00f3n y ca\u00edda, es importante saber qu\u00e9 pasos hay que dar despu\u00e9s. Estos son los pasos a seguir:  <\/p>\n\n\n\n<p> 1. Busque atenci\u00f3n m\u00e9dica inmediatamente despu\u00e9s de la ca\u00edda. <\/p>\n\n\n\n<p>2. No dar ninguna declaraci\u00f3n ni firmar ning\u00fan documento de ning\u00fan empleado o representante de Olive Garden. <\/p>\n\n\n\n<p>3. Documente todo lo relacionado con el accidente, incluyendo:<\/p>\n\n\n\n<ul class=\"wp-block-list\">\n<li>Fecha, hora y lugar de su resbal\u00f3n y ca\u00edda <\/li>\n\n\n\n<li>Detalles sobre su ca\u00edda <\/li>\n\n\n\n<li>Fotograf\u00edas de sus lesiones inmediatamente despu\u00e9s y d\u00edas despu\u00e9s de la ca\u00edda <\/li>\n\n\n\n<li>Nombres de los testigos, si es posible o si hay alguno <\/li>\n<\/ul>\n\n\n\n<p>4. Conserve todos los registros relativos a su ca\u00edda, incluidos los informes m\u00e9dicos y las facturas.  <\/p>\n\n\n\n<p>5. <a href=\"https:\/\/www.steinberglawfirm.com\/contact-us\/\" target=\"_blank\" rel=\"noopener\">Contactar con un abogado<\/a> para llevar su caso y proteger sus derechos. Llame al Steinberg Law Firm al <a href=\"tel:1-843-720-2800\">(843) 720-2800<\/a> y contrate a alguien con experiencia <a href=\"https:\/\/www.steinberglawfirm.com\" target=\"_blank\" rel=\"noopener\">South Carolina abogado de lesiones personales<\/a>. <\/p>","protected":false},"excerpt":{"rendered":"<p>\u00bfSe resbal\u00f3 y cay\u00f3 en Olive Garden? Deje que nuestros abogados le ayuden Olive Garden es un restaurante de comida casual con m\u00e1s de 800 locales. Olive Garden sirve a numerosos clientes diariamente; por lo tanto, los derrames y otros peligros potenciales en el restaurante pueden pasar desapercibidos durante el d\u00eda de trabajo. Olive Garden y sus empleados tienen el deber de...<\/p>","protected":false},"author":1,"featured_media":0,"parent":2281,"menu_order":0,"comment_status":"closed","ping_status":"closed","template":"","meta":{"_acf_changed":false,"footnotes":""},"class_list":["post-10124","page","type-page","status-publish","hentry"],"acf":[],"_links":{"self":[{"href":"https:\/\/steinberglawfirm-staging.clmcloud.app\/es\/wp-json\/wp\/v2\/pages\/10124"}],"collection":[{"href":"https:\/\/steinberglawfirm-staging.clmcloud.app\/es\/wp-json\/wp\/v2\/pages"}],"about":[{"href":"https:\/\/steinberglawfirm-staging.clmcloud.app\/es\/wp-json\/wp\/v2\/types\/page"}],"author":[{"embeddable":true,"href":"https:\/\/steinberglawfirm-staging.clmcloud.app\/es\/wp-json\/wp\/v2\/users\/1"}],"replies":[{"embeddable":true,"href":"https:\/\/steinberglawfirm-staging.clmcloud.app\/es\/wp-json\/wp\/v2\/comments?post=10124"}],"version-history":[{"count":3,"href":"https:\/\/steinberglawfirm-staging.clmcloud.app\/es\/wp-json\/wp\/v2\/pages\/10124\/revisions"}],"predecessor-version":[{"id":26918,"href":"https:\/\/steinberglawfirm-staging.clmcloud.app\/es\/wp-json\/wp\/v2\/pages\/10124\/revisions\/26918"}],"up":[{"embeddable":true,"href":"https:\/\/steinberglawfirm-staging.clmcloud.app\/es\/wp-json\/wp\/v2\/pages\/2281"}],"wp:attachment":[{"href":"https:\/\/steinberglawfirm-staging.clmcloud.app\/es\/wp-json\/wp\/v2\/media?parent=10124"}],"curies":[{"name":"wp","href":"https:\/\/api.w.org\/{rel}","templated":true}]}}