{"id":10121,"date":"2019-10-10T20:17:40","date_gmt":"2019-10-10T20:17:40","guid":{"rendered":"https:\/\/www.steinberglawfirm.com\/?page_id=10121"},"modified":"2022-04-20T23:15:42","modified_gmt":"2022-04-20T23:15:42","slug":"slip-and-fall-at-courtyard-by-marriott","status":"publish","type":"page","link":"https:\/\/steinberglawfirm-staging.clmcloud.app\/es\/lesiones-personales\/responsabilidad-civil-de-los-locales\/resbalones-y-caidas\/resbalon-y-caida-en-el-courtyard-by-marriott\/","title":{"rendered":"Resbal\u00f3n y ca\u00edda en el Courtyard by Marriott"},"content":{"rendered":"<h1 class=\"wp-block-heading\"><strong>\u00bfSe resbal\u00f3 y cay\u00f3 en el Courtyard by Marriott en Charleston, South Carolina? Deje que nuestros abogados le ayuden<\/strong><\/h1>\n\n\n\n<p>Courtyard by Marriott es una marca hotelera estadounidense con aproximadamente 1.200 establecimientos en todo el mundo, entre los que se encuentran algunos en Charleston, South Carolina. Charleston tiene una media de 5 a 7 millones de visitantes al a\u00f1o. Muchos visitantes tienen estancias prolongadas en Charleston y reservan un hotel para alojarse durante la duraci\u00f3n de sus viajes. Los visitantes que optan por alojarse en el Courtyard by Marriott deben encontrar consuelo en el hecho de que el hotel tiene una responsabilidad legal con respecto a su seguridad mientras est\u00e1 en las instalaciones. Este deber incluye la inspecci\u00f3n de da\u00f1os o la reparaci\u00f3n de zonas da\u00f1adas para evitar accidentes, incluidos los resbalones y las ca\u00eddas.  <\/p>\n\n\n\n<p>Si se lesion\u00f3 mientras se alojaba en el Courtyard by Marriott en Charleston llame al Steinberg Law Firm al (843) 720-2800 para una <a href=\"https:\/\/www.steinberglawfirm.com\/free-consultation\/\" target=\"_blank\" rel=\"noopener\">consulta gratuita<\/a> con un experimentado <a href=\"https:\/\/www.steinberglawfirm.com\/practice-areas\/premises-liability\/slip-and-fall\/\" target=\"_blank\" rel=\"noopener\">South Carolina abogado de resbalones y ca\u00eddas<\/a>.<\/p>\n\n\n\n<p><strong>Lesiones por resbalones y ca\u00eddas de clientes en el Courtyard by Marriott en Charleston, South Carolina<\/strong><\/p>\n\n\n\n<p>Los accidentes por resbalones y ca\u00eddas en el Courtyard by Marriott pueden ocurrir de muchas maneras diferentes. Incluyen:<\/p>\n\n\n\n<ul class=\"wp-block-list\"><li>Suelos resbaladizos por la nieve o el hielo,  <\/li><li><a href=\"https:\/\/www.steinberglawfirm.com\/blog\/i-slipped-and-fell-in-the-store-because-of-a-wet-floor-and-there-was-no-proper-warning-who-is-liable-for-my-injury-from-the-fall\/\" class=\"wpil_internal_link\" target=\"_blank\" rel=\"noopener\">Suelos mojados por derrames de l\u00edquidos o alimentos<\/a> <\/li><li>Se\u00f1ales de advertencia inadecuadas alrededor de la piscina <\/li><li>Iluminaci\u00f3n tenue  <\/li><li>Pelda\u00f1os o escaleras rotas  <\/li><li>Ascensores defectuosos o mal mantenidos <\/li><\/ul>\n\n\n\n<p>Si usted ha tenido un accidente de resbal\u00f3n y ca\u00edda, puede terminar con lesiones menores o extremas. Estas lesiones pueden incluir:<\/p>\n\n\n\n<ul class=\"wp-block-list\"><li>Lesiones en el cuello  <\/li><li>Lesiones en la espalda  <\/li><li>Lesiones faciales  <\/li><li><a href=\"https:\/\/www.steinberglawfirm.com\/practice-areas\/serious-injury-cases\/traumatic-brain-injury\/\" class=\"wpil_internal_link\" target=\"_blank\" rel=\"noopener\">Lesiones cerebrales traum\u00e1ticas (TBI)<\/a> <\/li><li>Fracturas y huesos rotos <\/li><li>Cortes y abrasiones <\/li><\/ul>\n\n\n\n<p>A <a href=\"https:\/\/www.steinberglawfirm.com\/charleston\/slip-and-fall-accidents-lawyers\/\" class=\"wpil_internal_link\" target=\"_blank\" rel=\"noopener\">resbal\u00f3n y ca\u00edda en el Courtyard by Marriott en Charleston<\/a> puede afectar dr\u00e1sticamente a su capacidad para disfrutar del resto de sus vacaciones, as\u00ed como a su disfrute general de la vida, debido a sus lesiones. Usted puede tener derecho a una indemnizaci\u00f3n por su resbal\u00f3n y ca\u00edda. Usted puede recuperar los da\u00f1os, tales como:<\/p>\n\n\n\n<ul class=\"wp-block-list\"><li>Gastos m\u00e9dicos pasados y futuros <\/li><li>Salarios perdidos y salarios futuros  <\/li><li>P\u00e9rdida de la capacidad de ganancia  <\/li><li>Fisioterapia o tratamiento m\u00e9dico continuado  <\/li><\/ul>\n\n\n\n<h2 class=\"wp-block-heading\"><strong>Qu\u00e9 hacer despu\u00e9s de un accidente de resbal\u00f3n y ca\u00edda en el Courtyard by Marriott en Charleston, South Carolina<\/strong><\/h2>\n\n\n\n<p>Si se cae en el Courtyard by Marriott en Charleston, puede sentirse confundido y abrumado. Los pasos que d\u00e9 despu\u00e9s de su ca\u00edda pueden ser cruciales para establecer la negligencia del hotel y probar sus lesiones. Los pasos que debe dar despu\u00e9s de su ca\u00edda incluyen:  <\/p>\n\n\n\n<p> 1. Busque atenci\u00f3n m\u00e9dica inmediatamente despu\u00e9s de la ca\u00edda. <\/p>\n\n\n\n<p>2. No haga ninguna declaraci\u00f3n ni firme ning\u00fan documento de ning\u00fan empleado o representante de Courtyard by Marriott. <\/p>\n\n\n\n<p>3. Documente todo lo relacionado con el accidente, incluyendo:<\/p>\n\n\n\n<ul class=\"wp-block-list\"><li>Fecha, hora y lugar de su resbal\u00f3n y ca\u00edda <\/li><li>Detalles sobre su ca\u00edda <\/li><li>Fotograf\u00edas de sus lesiones inmediatamente despu\u00e9s y d\u00edas despu\u00e9s de la ca\u00edda <\/li><li>Nombres de los testigos, si es posible o si hay alguno <\/li><\/ul>\n\n\n\n<p>4. Conserve todos los registros relativos a su ca\u00edda, incluidos los informes m\u00e9dicos y las facturas.  <\/p>\n\n\n\n<p>5. <a href=\"https:\/\/www.steinberglawfirm.com\/contact-us\/\" target=\"_blank\" rel=\"noopener\">Contactar con un abogado<\/a> para manejar su caso y proteger sus derechos. Llame al Steinberg Law Firm al (843) 720-2800 y contrate a un experimentado <a href=\"https:\/\/www.steinberglawfirm.com\" target=\"_blank\" rel=\"noopener\">South Carolina abogado de lesiones personales<\/a>. <\/p>","protected":false},"excerpt":{"rendered":"<p>\u00bfSe resbal\u00f3 y cay\u00f3 en el Courtyard by Marriott en Charleston, South Carolina? Deje que nuestros abogados le ayuden Courtyard by Marriott es una marca de hoteles americana con aproximadamente 1200 ubicaciones en todo el mundo, incluyendo algunas ubicaciones en Charleston, South Carolina. Charleston tiene un promedio de 5 a 7 millones de visitantes al a\u00f1o. Muchos visitantes tienen estancias prolongadas en Charleston y...<\/p>","protected":false},"author":1,"featured_media":0,"parent":2281,"menu_order":0,"comment_status":"closed","ping_status":"closed","template":"","meta":{"_acf_changed":false,"footnotes":""},"class_list":["post-10121","page","type-page","status-publish","hentry"],"acf":[],"_links":{"self":[{"href":"https:\/\/steinberglawfirm-staging.clmcloud.app\/es\/wp-json\/wp\/v2\/pages\/10121"}],"collection":[{"href":"https:\/\/steinberglawfirm-staging.clmcloud.app\/es\/wp-json\/wp\/v2\/pages"}],"about":[{"href":"https:\/\/steinberglawfirm-staging.clmcloud.app\/es\/wp-json\/wp\/v2\/types\/page"}],"author":[{"embeddable":true,"href":"https:\/\/steinberglawfirm-staging.clmcloud.app\/es\/wp-json\/wp\/v2\/users\/1"}],"replies":[{"embeddable":true,"href":"https:\/\/steinberglawfirm-staging.clmcloud.app\/es\/wp-json\/wp\/v2\/comments?post=10121"}],"version-history":[{"count":2,"href":"https:\/\/steinberglawfirm-staging.clmcloud.app\/es\/wp-json\/wp\/v2\/pages\/10121\/revisions"}],"predecessor-version":[{"id":20457,"href":"https:\/\/steinberglawfirm-staging.clmcloud.app\/es\/wp-json\/wp\/v2\/pages\/10121\/revisions\/20457"}],"up":[{"embeddable":true,"href":"https:\/\/steinberglawfirm-staging.clmcloud.app\/es\/wp-json\/wp\/v2\/pages\/2281"}],"wp:attachment":[{"href":"https:\/\/steinberglawfirm-staging.clmcloud.app\/es\/wp-json\/wp\/v2\/media?parent=10121"}],"curies":[{"name":"wp","href":"https:\/\/api.w.org\/{rel}","templated":true}]}}