{"id":10118,"date":"2019-10-10T20:06:10","date_gmt":"2019-10-10T20:06:10","guid":{"rendered":"https:\/\/www.steinberglawfirm.com\/?page_id=10118"},"modified":"2022-04-20T23:16:44","modified_gmt":"2022-04-20T23:16:44","slug":"slip-and-fall-at-hyatt-place","status":"publish","type":"page","link":"https:\/\/steinberglawfirm-staging.clmcloud.app\/es\/lesiones-personales\/responsabilidad-civil-de-los-locales\/resbalones-y-caidas\/resbalon-y-caida-en-el-lugar-de-trabajo\/","title":{"rendered":"Resbal\u00f3n y ca\u00edda en el Hyatt Place"},"content":{"rendered":"<h1 class=\"wp-block-heading\"><strong>\u00bfSe resbal\u00f3 y cay\u00f3 en el Hyatt Place en Charleston, South Carolina? Deje que nuestros abogados le ayuden<\/strong><\/h1>\n\n\n\n<p>Una de las mayores industrias de South Carolina es el turismo. Charleston, situada en la costa de South Carolina, tiene m\u00e1s de 5 millones de visitantes al a\u00f1o. El Hyatt Place de Charleston es uno de los hoteles que los visitantes eligen para alojarse durante su estancia en la ciudad. El n\u00famero de visitantes que llegan a Charleston var\u00eda de una temporada a otra; sin embargo, cuantos m\u00e1s hu\u00e9spedes alquilan habitaciones en el Hyatt Place en Charleston, m\u00e1s dif\u00edcil puede ser para los empleados mantener las instalaciones y mantenerlas libres de derrames y otros peligros potenciales en el edificio y en el terreno. No obstante, Hyatt Place debe cumplir con su obligaci\u00f3n de mantener un entorno seguro para sus hu\u00e9spedes.  <\/p>\n\n\n\n<p>Si se ha lesionado mientras era hu\u00e9sped del Hyatt Place, llame al Steinberg Law Firm al (843) 720-2800 para obtener una <a href=\"https:\/\/www.steinberglawfirm.com\/free-consultation\/\" target=\"_blank\" rel=\"noopener\">consulta gratuita<\/a> con un <a href=\"https:\/\/www.steinberglawfirm.com\/practice-areas\/premises-liability\/slip-and-fall\/\" target=\"_blank\" rel=\"noopener\">abogado con experiencia en resbalones y ca\u00eddas South Carolina<\/a>.<\/p>\n\n\n\n<p><strong>Lesiones por resbal\u00f3n y ca\u00edda de un hu\u00e9sped en el Hyatt Place en Charleston, South Carolina <\/strong><\/p>\n\n\n\n<p>El Hyatt Place tiene muchos niveles y habitaciones que mantener cada d\u00eda. Como la mayor\u00eda de los hoteles, el Hyatt est\u00e1 abierto las 24 horas del d\u00eda y los siete d\u00edas de la semana, con hu\u00e9spedes que entran y salen del hotel continuamente. Los clientes del Hyatt Place esperan alojarse en un hotel con suelos secos y uniformes, escaleras y ascensores seguros y aparcamientos sin problemas. Si Hyatt Place incumple su deber de mantener un hotel seguro por negligencia, pueden producirse resbalones y ca\u00eddas. Varias causas de accidentes por resbalones y ca\u00eddas incluyen:<\/p>\n\n\n\n<ul class=\"wp-block-list\"><li>Trapear los pisos sin una se\u00f1al de advertencia  <\/li><li>L\u00edquidos y alimentos derramados <\/li><li>Restos de hielo o nieve <\/li><li>Suelos irregulares  <\/li><li>Barandillas rotas o sueltas  <\/li><\/ul>\n\n\n\n<p>Hay un <a href=\"https:\/\/www.steinberglawfirm.com\/articles\/injuries-associated-with-slip-and-fall-accidents\/\" class=\"wpil_internal_link\" target=\"_blank\" rel=\"noopener\">gran variedad de lesiones que puede sufrir si resbala y se cae<\/a> en el Hyatt Place, como:<\/p>\n\n\n\n<ul class=\"wp-block-list\"><li>Conmociones cerebrales  <\/li><li>Lesiones de la espalda y de la m\u00e9dula espinal <\/li><li>Esguinces de tobillo y mu\u00f1eca  <\/li><li>Roturas y fracturas de huesos  <\/li><li>Hinchaz\u00f3n  <\/li><li>Cortes y contusiones  <\/li><\/ul>\n\n\n\n<p>Si usted <a href=\"https:\/\/www.steinberglawfirm.com\/charleston\/slip-and-fall-accidents-lawyers\/\" class=\"wpil_internal_link\" target=\"_blank\" rel=\"noopener\">resbal\u00f3n y ca\u00edda en el Hyatt Place en Charleston,<\/a> puede recibir una indemnizaci\u00f3n por el accidente y sus lesiones. Estos da\u00f1os incluyen:<\/p>\n\n\n\n<ul class=\"wp-block-list\"><li>Gastos m\u00e9dicos <\/li><li>Salarios perdidos y salarios futuros  <\/li><li>Dolor y sufrimiento <\/li><li>Angustia emocional <\/li><li>P\u00e9rdida de consorcio  <\/li><\/ul>\n\n\n\n<h2 class=\"wp-block-heading\"><strong>Qu\u00e9 hacer despu\u00e9s de un accidente de resbal\u00f3n y ca\u00edda en el Hyatt Place:<\/strong><\/h2>\n\n\n\n<p>No es previsible que se resbale y se caiga durante su estancia en el Hyatt Place de Charleston. Sin embargo, es importante saber qu\u00e9 medidas tomar despu\u00e9s de una ca\u00edda. Entre ellas se encuentran:<\/p>\n\n\n\n<p>1. Busque atenci\u00f3n m\u00e9dica inmediatamente despu\u00e9s de la ca\u00edda. <\/p>\n\n\n\n<p>2. No haga ninguna declaraci\u00f3n ni firme ning\u00fan documento de ning\u00fan empleado o representante de Hyatt Place. <\/p>\n\n\n\n<p> 3. Documente todo lo relacionado con el accidente, incluyendo:  <\/p>\n\n\n\n<ul class=\"wp-block-list\"><li> Fecha, hora y lugar de su resbal\u00f3n y ca\u00edda <\/li><li>Detalles sobre su ca\u00edda <\/li><li>Fotograf\u00edas de sus lesiones inmediatamente despu\u00e9s y d\u00edas despu\u00e9s de la ca\u00edda <\/li><li>Nombres de los testigos, si es posible o si hay alguno <\/li><\/ul>\n\n\n\n<p>4. Conserve todos los registros relativos a su ca\u00edda, incluidos los informes m\u00e9dicos y las facturas.  <\/p>\n\n\n\n<p>5. <a href=\"https:\/\/www.steinberglawfirm.com\/contact-us\/\" target=\"_blank\" rel=\"noopener\">Contactar con un abogado<\/a> para manejar su caso y proteger sus derechos. Llame al Steinberg Law Firm al (843) 720-2800 y contrate a un <a href=\"https:\/\/www.steinberglawfirm.com\" target=\"_blank\" rel=\"noopener\">experiencia South Carolina abogado de lesiones personales<\/a>. <\/p>","protected":false},"excerpt":{"rendered":"<p>\u00bfSe resbal\u00f3 y cay\u00f3 en el Hyatt Place en Charleston, South Carolina? Deje que nuestros abogados le ayuden Una de las mayores industrias en South Carolina es el turismo. Charleston, situado en la costa de South Carolina, tiene m\u00e1s de 5 millones de visitantes al a\u00f1o. El Hyatt Place en Charleston es uno de los hoteles que los visitantes eligen para alojarse mientras...<\/p>","protected":false},"author":1,"featured_media":0,"parent":2281,"menu_order":0,"comment_status":"closed","ping_status":"closed","template":"","meta":{"_acf_changed":false,"footnotes":""},"class_list":["post-10118","page","type-page","status-publish","hentry"],"acf":[],"_links":{"self":[{"href":"https:\/\/steinberglawfirm-staging.clmcloud.app\/es\/wp-json\/wp\/v2\/pages\/10118"}],"collection":[{"href":"https:\/\/steinberglawfirm-staging.clmcloud.app\/es\/wp-json\/wp\/v2\/pages"}],"about":[{"href":"https:\/\/steinberglawfirm-staging.clmcloud.app\/es\/wp-json\/wp\/v2\/types\/page"}],"author":[{"embeddable":true,"href":"https:\/\/steinberglawfirm-staging.clmcloud.app\/es\/wp-json\/wp\/v2\/users\/1"}],"replies":[{"embeddable":true,"href":"https:\/\/steinberglawfirm-staging.clmcloud.app\/es\/wp-json\/wp\/v2\/comments?post=10118"}],"version-history":[{"count":2,"href":"https:\/\/steinberglawfirm-staging.clmcloud.app\/es\/wp-json\/wp\/v2\/pages\/10118\/revisions"}],"predecessor-version":[{"id":20463,"href":"https:\/\/steinberglawfirm-staging.clmcloud.app\/es\/wp-json\/wp\/v2\/pages\/10118\/revisions\/20463"}],"up":[{"embeddable":true,"href":"https:\/\/steinberglawfirm-staging.clmcloud.app\/es\/wp-json\/wp\/v2\/pages\/2281"}],"wp:attachment":[{"href":"https:\/\/steinberglawfirm-staging.clmcloud.app\/es\/wp-json\/wp\/v2\/media?parent=10118"}],"curies":[{"name":"wp","href":"https:\/\/api.w.org\/{rel}","templated":true}]}}