{"id":10113,"date":"2019-10-10T20:00:03","date_gmt":"2019-10-10T20:00:03","guid":{"rendered":"https:\/\/www.steinberglawfirm.com\/?page_id=10113"},"modified":"2023-08-21T19:06:33","modified_gmt":"2023-08-21T19:06:33","slug":"slip-and-fall-at-harris-teeter","status":"publish","type":"page","link":"https:\/\/steinberglawfirm-staging.clmcloud.app\/es\/lesiones-personales\/responsabilidad-civil-de-los-locales\/resbalones-y-caidas\/resbalon-y-caida-en-harris-teeter\/","title":{"rendered":"Resbal\u00f3n y ca\u00edda en Harris Teeter"},"content":{"rendered":"<h1 class=\"wp-block-heading\"><strong>\u00bfSe resbal\u00f3 y cay\u00f3 en Harris Teeter? Deje que nuestros abogados le ayuden<\/strong><\/h1>\n\n\n\n<p>Fundada en Charlotte, North Carolina en 1936, Harris Teeter es una cadena de supermercados con sede en Matthew, North Carolina. Con tiendas situadas principalmente en North Carolina, Harris Teeter tambi\u00e9n opera con ubicaciones en, South Carolina, Georgia, Florida, Virginia, Delaware, Maryland y Washington, D.C. Tiene aproximadamente 250 tiendas y m\u00e1s de 30.000 empleados. El n\u00famero de compradores en la tienda y en los aparcamientos obliga a Harris Teeter a inspeccionar regularmente la tienda para detectar cualquier da\u00f1o previsible que pueda provocar un resbal\u00f3n y una ca\u00edda de un cliente.<\/p>\n\n\n\n<p>Si se ha lesionado comprando en Harris Teeter, llame al Steinberg Law Firm al <a href=\"tel:1-843-720-2800\">(843) 720-2800<\/a> para un <a href=\"https:\/\/www.steinberglawfirm.com\/free-consultation\/\" target=\"_blank\" rel=\"noopener\">consulta gratuita<\/a> con un <a href=\"https:\/\/www.steinberglawfirm.com\/practice-areas\/premises-liability\/slip-and-fall\/\" target=\"_blank\" rel=\"noopener\">abogado con experiencia en resbalones y ca\u00eddas<\/a>.<\/p>\n\n\n\n<p><strong>Lesiones por resbalones y ca\u00eddas de clientes de Harris Teeter<\/strong><\/p>\n\n\n\n<p>Mientras que los accidentes fatales por resbalones y ca\u00eddas ocurren, la mayor\u00eda de los resbalones y ca\u00eddas no ponen en peligro la vida. Si usted tiene un accidente de resbal\u00f3n y ca\u00edda en Harris Teeter, puede cambiar dr\u00e1sticamente su vida durante a\u00f1os o la vida. Los peligros de las tiendas de comestibles pueden encontrarse en lugares que los compradores de comestibles pueden no notar. Los empleados de Harris Teeter, aunque saben d\u00f3nde buscar, pueden no corregir estos peligros antes de un accidente por resbal\u00f3n y ca\u00edda.  <\/p>\n\n\n\n<p>Algunas de las causas m\u00e1s comunes de los accidentes por resbalones y ca\u00eddas, incluyen:<\/p>\n\n\n\n<ul class=\"wp-block-list\">\n<li>Baches en aparcamientos <\/li>\n\n\n\n<li>Suelos resbaladizos por la nieve o el hielo <\/li>\n\n\n\n<li>Suelos mojados por l\u00edquidos o alimentos derramados <\/li>\n\n\n\n<li>Falta de barandillas  <\/li>\n\n\n\n<li>Suelos rotos, rasgados o desiguales  <\/li>\n\n\n\n<li>Art\u00edculos que se caen de las estanter\u00edas y golpean a los clientes <\/li>\n\n\n\n<li>Pelda\u00f1os o escaleras rotas  <\/li>\n<\/ul>\n\n\n\n<p><a href=\"https:\/\/www.steinberglawfirm.com\/articles\/injuries-associated-with-slip-and-fall-accidents\/\" class=\"wpil_internal_link\" target=\"_blank\" rel=\"noopener\">Las lesiones m\u00e1s comunes por resbalones y ca\u00eddas incluyen:<\/a><\/p>\n\n\n\n<ul class=\"wp-block-list\">\n<li>Lesiones en la boca y en los dientes  <\/li>\n\n\n\n<li><a href=\"https:\/\/www.steinberglawfirm.com\/articles\/shoulder-dislocation\/\" class=\"wpil_internal_link\" target=\"_blank\" rel=\"noopener\">Dislocaci\u00f3n del hombro<\/a>  <\/li>\n\n\n\n<li>Narices rotas <\/li>\n\n\n\n<li><a href=\"https:\/\/www.steinberglawfirm.com\/practice-areas\/serious-injury-cases\/traumatic-brain-injury\/\" class=\"wpil_internal_link\" target=\"_blank\" rel=\"noopener\">Lesi\u00f3n cerebral traum\u00e1tica (TBI)<\/a> <\/li>\n\n\n\n<li>Torceduras y esguinces <\/li>\n\n\n\n<li>Moretones <\/li>\n<\/ul>\n\n\n\n<p>Si usted resbala y se cae en Harris Teeter, adquiere da\u00f1os que le dan derecho a una recuperaci\u00f3n o reembolso. Estos da\u00f1os pueden incluir:<\/p>\n\n\n\n<ul class=\"wp-block-list\">\n<li>Gastos m\u00e9dicos <\/li>\n\n\n\n<li>Salarios perdidos y salarios futuros  <\/li>\n\n\n\n<li>Dolor y sufrimiento <\/li>\n\n\n\n<li>Angustia mental <\/li>\n\n\n\n<li>Da\u00f1os a la propiedad  <\/li>\n<\/ul>\n\n\n\n<h2 class=\"wp-block-heading\"><strong>Qu\u00e9 hacer despu\u00e9s de un accidente de resbal\u00f3n y ca\u00edda en Harris Teeter:<\/strong><\/h2>\n\n\n\n<p>Si se resbala y se cae en Harris Teeter, es posible que no sepa qu\u00e9 hacer a continuaci\u00f3n. Estos son los pasos que debes seguir despu\u00e9s de tu accidente de resbal\u00f3n y ca\u00edda:<\/p>\n\n\n\n<p>1. Busque atenci\u00f3n m\u00e9dica inmediatamente despu\u00e9s de la ca\u00edda. <\/p>\n\n\n\n<p>2. No haga ninguna declaraci\u00f3n ni firme ning\u00fan documento de ning\u00fan empleado o representante de Harris Teeter. <\/p>\n\n\n\n<p>3. Documente todo lo relacionado con el accidente, incluyendo: <\/p>\n\n\n\n<ul class=\"wp-block-list\">\n<li>Fecha, hora y lugar de su resbal\u00f3n y ca\u00edda <\/li>\n\n\n\n<li>Detalles sobre su ca\u00edda <\/li>\n\n\n\n<li>Fotograf\u00edas de sus lesiones inmediatamente despu\u00e9s y d\u00edas despu\u00e9s de la ca\u00edda <\/li>\n\n\n\n<li>Nombres de los testigos, si es posible o si hay alguno <\/li>\n<\/ul>\n\n\n\n<p> 4. Conserve todos los registros relativos a su ca\u00edda, incluidos los informes m\u00e9dicos y las facturas.  <\/p>\n\n\n\n<p>5. <a href=\"https:\/\/www.steinberglawfirm.com\/contact-us\/\" target=\"_blank\" rel=\"noopener\">Contactar con un abogado<\/a> para llevar su caso y proteger sus derechos. Llame al Steinberg Law Firm al <a href=\"tel:1-843-720-2800\">(843) 720-2800<\/a> y contratar a un <a href=\"https:\/\/www.steinberglawfirm.com\" target=\"_blank\" rel=\"noopener\">abogado con experiencia en lesiones personales<\/a>. <\/p>","protected":false},"excerpt":{"rendered":"<p>\u00bfSe resbal\u00f3 y cay\u00f3 en Harris Teeter? Deje que nuestros abogados le ayuden Fundada en Charlotte, North Carolina en 1936, Harris Teeter es una cadena de supermercados con sede en Matthew, North Carolina. Con tiendas ubicadas principalmente en North Carolina, Harris Teeter tambi\u00e9n opera ubicaciones en, South Carolina, Georgia, Florida, Virginia, Delaware, Maryland y Washington, D.C....<\/p>","protected":false},"author":1,"featured_media":0,"parent":2281,"menu_order":0,"comment_status":"closed","ping_status":"closed","template":"","meta":{"_acf_changed":false,"footnotes":""},"class_list":["post-10113","page","type-page","status-publish","hentry"],"acf":[],"_links":{"self":[{"href":"https:\/\/steinberglawfirm-staging.clmcloud.app\/es\/wp-json\/wp\/v2\/pages\/10113"}],"collection":[{"href":"https:\/\/steinberglawfirm-staging.clmcloud.app\/es\/wp-json\/wp\/v2\/pages"}],"about":[{"href":"https:\/\/steinberglawfirm-staging.clmcloud.app\/es\/wp-json\/wp\/v2\/types\/page"}],"author":[{"embeddable":true,"href":"https:\/\/steinberglawfirm-staging.clmcloud.app\/es\/wp-json\/wp\/v2\/users\/1"}],"replies":[{"embeddable":true,"href":"https:\/\/steinberglawfirm-staging.clmcloud.app\/es\/wp-json\/wp\/v2\/comments?post=10113"}],"version-history":[{"count":4,"href":"https:\/\/steinberglawfirm-staging.clmcloud.app\/es\/wp-json\/wp\/v2\/pages\/10113\/revisions"}],"predecessor-version":[{"id":26912,"href":"https:\/\/steinberglawfirm-staging.clmcloud.app\/es\/wp-json\/wp\/v2\/pages\/10113\/revisions\/26912"}],"up":[{"embeddable":true,"href":"https:\/\/steinberglawfirm-staging.clmcloud.app\/es\/wp-json\/wp\/v2\/pages\/2281"}],"wp:attachment":[{"href":"https:\/\/steinberglawfirm-staging.clmcloud.app\/es\/wp-json\/wp\/v2\/media?parent=10113"}],"curies":[{"name":"wp","href":"https:\/\/api.w.org\/{rel}","templated":true}]}}