{"id":10075,"date":"2019-10-04T23:45:00","date_gmt":"2019-10-04T23:45:00","guid":{"rendered":"https:\/\/www.steinberglawfirm.com\/?page_id=10075"},"modified":"2023-02-24T21:14:28","modified_gmt":"2023-02-24T21:14:28","slug":"mobile","status":"publish","type":"page","link":"https:\/\/steinberglawfirm-staging.clmcloud.app\/es\/lppc\/movil\/","title":{"rendered":"Da\u00f1o personal m\u00f3vil"},"content":{"rendered":"<img loading=\"lazy\" decoding=\"async\" src=\"https:\/\/www.steinberglawfirm.com\/wp-content\/uploads\/2022\/04\/Steinberg-Logo.png\" alt=\"Steinberg Law Firm LLC Logotipo\" itemprop=\"image\" height=\"2018\" width=\"10330\" title=\"Steinberg Law Firm LLC Logotipo\" onerror=\"this.style.display='none'\"  \/>\n\t\u00a0<br \/>\n\u00a0\n<strong>Inicie su consulta gratuita<\/strong><br \/>\n<strong>Llame a <a href=\"tel:1-843-920-4180\">(843) 920-4180<\/a><\/strong>\n<h2>\n\t\tComience con su consulta gratuita\n\t<\/h2>\n<h4>\n\t\tLo que nuestros clientes dicen de nosotros\n\t<\/h4>\n\t\t\t<p><img loading=\"lazy\" decoding=\"async\" src=\"https:\/\/www.steinberglawfirm.com\/wp-content\/uploads\/2018\/04\/stars.png\" alt=\"\" width=\"170\" height=\"30\" title=\"\"><\/p>\n<p>Fue un placer trabajar con Steven Goldberg y su personal<\/p>\n<p>Fueron corteses y profesionales. Mantuvieron un contacto regular para informar del estado de mi caso y proporcionaron la documentaci\u00f3n necesaria de forma oportuna. Yo recomendar\u00eda esta empresa<\/p>\n<p>-James<\/p>\n\t\t\t<p><img loading=\"lazy\" decoding=\"async\" src=\"https:\/\/www.steinberglawfirm.com\/wp-content\/uploads\/2018\/04\/stars.png\" alt=\"\" width=\"170\" height=\"30\" title=\"\"><\/p>\n<p>Estoy muy satisfecho con mi experiencia<\/p>\n<p>He recomendado y seguir\u00e9 recomendando el Steinberg Law Firm. Han trabajado muy duro en mi nombre.<\/p>\n<p>-Sharon<\/p>\n\t\t\t<p><img loading=\"lazy\" decoding=\"async\" src=\"https:\/\/www.steinberglawfirm.com\/wp-content\/uploads\/2018\/04\/stars.png\" alt=\"\" width=\"170\" height=\"30\" title=\"\"><\/p>\n<p>Es dif\u00edcil poner por escrito lo mucho que Tom estuvo ah\u00ed para m\u00ed<\/p>\n<p>Realmente hizo un trabajo incre\u00edble. Incluso cuando se hizo el acuerdo, devolvi\u00f3 un texto con una llamada para compartir la alegr\u00eda por otro evento m\u00e9dico que est\u00e1bamos pasando, que tuvo un gran resultado. S\u00ed, realmente se preocupan.<\/p>\n<p>-Dave<\/p>\n\t\t\t<p><img loading=\"lazy\" decoding=\"async\" src=\"https:\/\/www.steinberglawfirm.com\/wp-content\/uploads\/2018\/04\/stars.png\" alt=\"\" width=\"170\" height=\"30\" title=\"\"><\/p>\n<p>Los recomiendo encarecidamente<\/p>\n<p>Disfrut\u00e9 del hecho de que cada vez que llamaba, alguien me devolv\u00eda la llamada. Me hizo sentir que mi caso importaba y que yo importaba. Respondieron a todas mis preguntas y preocupaciones de manera oportuna.<\/p>\n<p>-Paula<\/p>\n\t\t\t<p><img loading=\"lazy\" decoding=\"async\" src=\"https:\/\/www.steinberglawfirm.com\/wp-content\/uploads\/2018\/04\/stars.png\" alt=\"\" width=\"170\" height=\"30\" title=\"\"><\/p>\n<p>Se esforzar\u00e1n al m\u00e1ximo por usted<\/p>\n<p>David Pearlman y su personal hicieron un trabajo excepcional en mi reclamo. El Sr. Pearlman fue honesto, paciente y me dirigi\u00f3 en la direcci\u00f3n correcta. A'Riel fue siempre agradable y muy \u00fatil. Yo los recomendar\u00eda a todos.<\/p>\n<p>-Brenda<\/p>\n\t\t\t<p><img loading=\"lazy\" decoding=\"async\" src=\"https:\/\/www.steinberglawfirm.com\/wp-content\/uploads\/2018\/04\/stars.png\" alt=\"\" width=\"170\" height=\"30\" title=\"\"><\/p>\n<p>Nunca buscar\u00eda ayuda de ninguna empresa.<\/p>\n<p>Los abogados y su personal son muy profesionales y se preocupan por su situaci\u00f3n. Son \u00fanicos en su g\u00e9nero. \u00a1Consiga esta Firma detr\u00e1s de usted y nunca se arrepentir\u00e1!<\/p>\n<p>-Dori<\/p>\n\t<h6>M\u00e1s de 170 a\u00f1os de experiencia legal combinada<\/h6>\t\t\n\t<h6>Hemos recuperado m\u00e1s de $500 millones<\/h6>\t\t\n\t<h6>Servicios jur\u00eddicos galardonados<\/h6>\t\t\n\t<h6>Usted no paga si no ganamos<\/h6>\t\t\n<h2>\n\t\tHable con un abogado de lesiones personales ahora. Llame a <a href=\"tel:1-843-920-4180\">(843) 920-4180<\/a>\n\t<\/h2>\n\t\t\t\t\t<a href=\"#\" id=\"fl-accordion--label-0\" tabindex=\"0\" aria-controls=\"fl-accordion--panel-0\">South Carolina Abogados de lesiones personales sirviendo Charleston, Goose Creek, Summerville y todo South Carolina<\/a>\n\t\t\t\t\t\t\t\t\t\t\t<a href=\"#\" id=\"fl-accordion--icon-0\" tabindex=\"0\" aria-controls=\"fl-accordion--panel-0\"><i>Ampliar<\/i><\/a>\n\t\t\t\t\t<p>Los experimentados abogados de lesiones personales de Steinberg Law Firm han perfeccionado sus habilidades a trav\u00e9s de a\u00f1os de litigios en juicios.<\/p>\n<p>Tanto si se trata de una lesi\u00f3n por accidente de coche, resbal\u00f3n y ca\u00edda, o cualquier otra lesi\u00f3n grave causada por la negligencia de otro, los costes de las lesiones personales pueden ser muy elevados. Como un bufete de abogados que ha proporcionado representaci\u00f3n efectiva de lesiones personales desde 1927, los abogados de Steinberg Law Firm est\u00e1n entre los m\u00e1s experimentados en ayudar a las v\u00edctimas de accidentes en el \u00e1rea metropolitana de Charleston y otras comunidades de South Carolina para recuperar sus p\u00e9rdidas financieras y obtener la curaci\u00f3n que necesitan.<\/p>\n\t\t\t\t\t<a href=\"#\" id=\"fl-accordion--label-1\" tabindex=\"0\" aria-controls=\"fl-accordion--panel-1\">Lesiones personales m\u00e1s comunes en South Carolina<\/a>\n\t\t\t\t\t\t\t\t\t\t\t<a href=\"#\" id=\"fl-accordion--icon-1\" tabindex=\"0\" aria-controls=\"fl-accordion--panel-1\"><i>Ampliar<\/i><\/a>\n\t\t\t\t\t<p>Los casos de accidentes de coche son el tipo m\u00e1s com\u00fan de reclamaci\u00f3n por da\u00f1os personales en Charleston y en todo South Carolina.<\/p>\n<p>Otros tipos de lesiones personales que se producen con mayor frecuencia son:<\/p>\n<ul>\n<li>Lesiones por accidente de tr\u00e1fico<\/li>\n<li>Accidentes de moto<\/li>\n<li>Accidentes de camiones<\/li>\n<li>Accidentes de navegaci\u00f3n<\/li>\n<li>Lesiones por resbalones y ca\u00eddas<\/li>\n<li>Negligencia m\u00e9dica<\/li>\n<li>Mordeduras de perro<\/li>\n<li>Negligencia y abusos en residencias de ancianos<\/li>\n<li>Productos peligrosos<\/li>\n<li>Muerte por negligencia<\/li>\n<\/ul>\n<p>A menudo, las lesiones personales se producen debido a la negligencia de otra persona, y a veces a prop\u00f3sito.<\/p>\n\t\t\t\t\t<a href=\"#\" id=\"fl-accordion--label-2\" tabindex=\"0\" aria-controls=\"fl-accordion--panel-2\">Responsabilizar a las partes negligentes<\/a>\n\t\t\t\t\t\t\t\t\t\t\t<a href=\"#\" id=\"fl-accordion--icon-2\" tabindex=\"0\" aria-controls=\"fl-accordion--panel-2\"><i>Ampliar<\/i><\/a>\n\t\t\t\t\t<p>Emprender acciones legales para cobrar una indemnizaci\u00f3n por las lesiones sufridas por culpa de otra persona.<\/p>\n<p>La negligencia es una de las causas m\u00e1s comunes de las demandas por lesiones personales. Se define como cuando una persona o empresa act\u00faa de forma descuidada, causando lesiones a otra persona. Implica que exist\u00eda un deber de cuidado razonable que no se prest\u00f3. Las lesiones debidas a la negligencia pueden incluir defectos de construcci\u00f3n, mantenimiento inadecuado de una propiedad o veh\u00edculo, y conducci\u00f3n en estado de embriaguez.<\/p>\n\t\t\t\t\t<a href=\"#\" id=\"fl-accordion--label-3\" tabindex=\"0\" aria-controls=\"fl-accordion--panel-3\">Deje que nos encarguemos de las compa\u00f1\u00edas de seguros<\/a>\n\t\t\t\t\t\t\t\t\t\t\t<a href=\"#\" id=\"fl-accordion--icon-3\" tabindex=\"0\" aria-controls=\"fl-accordion--panel-3\"><i>Ampliar<\/i><\/a>\n\t\t\t\t\t<p>Averiguar cu\u00e1l es la parte culpable y tratar con los ajustadores de seguros es una experiencia agotadora cuando se recupera de un accidente grave. Un abogado con experiencia en accidentes de coche es un gran activo cuando se trata de las secuelas. Esto es particularmente cierto cuando la causa se disputa y ambas partes reclaman p\u00e9rdidas financieras.<\/p>\n\t\t\t\t\t<a href=\"#\" id=\"fl-accordion--label-4\" tabindex=\"0\" aria-controls=\"fl-accordion--panel-4\">Consultas gratuitas sobre da\u00f1os personales<\/a>\n\t\t\t\t\t\t\t\t\t\t\t<a href=\"#\" id=\"fl-accordion--icon-4\" tabindex=\"0\" aria-controls=\"fl-accordion--panel-4\"><i>Ampliar<\/i><\/a>\n\t\t\t\t\t<p>En Steinberg Law Firm entendemos lo que es sufrir lesiones sufridas en un accidente, sin importar d\u00f3nde o por qu\u00e9 ocurri\u00f3. Los experimentados abogados de lesiones personales de Steinberg Law Firm han ayudado a las v\u00edctimas de accidentes y a sus familias a recuperar m\u00e1s de $800 millones en indemnizaciones.<\/p>\n<h2>\n\t\tM\u00e1s informaci\u00f3n sobre el Steinberg Law Firm\n\t<\/h2>\n\t\t\t<a href=\"https:\/\/www.steinberglawfirm.com\" target=\"_self\" role=\"button\" rel=\"noopener\">\n\t\t\t\t\t\t\tVer m\u00e1s\n\t\t\t\t\t<\/a>\n\t<p>La informaci\u00f3n presentada en este sitio web no debe interpretarse como asesoramiento jur\u00eddico formal ni como la formaci\u00f3n de una relaci\u00f3n abogado o abogado-cliente. Por favor, p\u00f3ngase en contacto con un abogado de lesiones personales South Carolina en The Steinberg Law Firm para una consulta sobre su situaci\u00f3n legal particular. La informaci\u00f3n sobre veredictos y acuerdos presentada en este sitio web refleja cifras brutas, antes de deducir honorarios de abogados, costas y gastos. Cualquier resultado que el abogado o el bufete puedan haber obtenido en nombre de un cliente en un asunto no indica necesariamente que puedan obtenerse resultados similares para otros clientes. Los casos ser\u00e1n atendidos por el abogado en The Steinberg Law Firm, que ejerce en 61 Broad Street, Charleston SC; 118 Goose Creek Blvd S, Goose Creek SC; o 103 Grandview Drive, Summerville, SC.<\/p>","protected":false},"excerpt":{"rendered":"<p>\u00a0 \u00a0 Comience su consulta gratuita Llame al (843) 920-4180 Comience su consulta gratuita Lo que nuestros clientes dicen de nosotros Fue un placer trabajar con Steven Goldberg y su personal Fueron corteses y profesionales. Ellos mantuvieron contacto regular para los informes de estado en mi caso y proporcion\u00f3 la documentaci\u00f3n necesaria en una base oportuna....<\/p>","protected":false},"author":1,"featured_media":0,"parent":8640,"menu_order":0,"comment_status":"closed","ping_status":"closed","template":"tpl-no-header-footer.php","meta":{"_acf_changed":false,"footnotes":""},"class_list":["post-10075","page","type-page","status-publish","hentry"],"acf":[],"_links":{"self":[{"href":"https:\/\/steinberglawfirm-staging.clmcloud.app\/es\/wp-json\/wp\/v2\/pages\/10075"}],"collection":[{"href":"https:\/\/steinberglawfirm-staging.clmcloud.app\/es\/wp-json\/wp\/v2\/pages"}],"about":[{"href":"https:\/\/steinberglawfirm-staging.clmcloud.app\/es\/wp-json\/wp\/v2\/types\/page"}],"author":[{"embeddable":true,"href":"https:\/\/steinberglawfirm-staging.clmcloud.app\/es\/wp-json\/wp\/v2\/users\/1"}],"replies":[{"embeddable":true,"href":"https:\/\/steinberglawfirm-staging.clmcloud.app\/es\/wp-json\/wp\/v2\/comments?post=10075"}],"version-history":[{"count":5,"href":"https:\/\/steinberglawfirm-staging.clmcloud.app\/es\/wp-json\/wp\/v2\/pages\/10075\/revisions"}],"predecessor-version":[{"id":24190,"href":"https:\/\/steinberglawfirm-staging.clmcloud.app\/es\/wp-json\/wp\/v2\/pages\/10075\/revisions\/24190"}],"up":[{"embeddable":true,"href":"https:\/\/steinberglawfirm-staging.clmcloud.app\/es\/wp-json\/wp\/v2\/pages\/8640"}],"wp:attachment":[{"href":"https:\/\/steinberglawfirm-staging.clmcloud.app\/es\/wp-json\/wp\/v2\/media?parent=10075"}],"curies":[{"name":"wp","href":"https:\/\/api.w.org\/{rel}","templated":true}]}}